{"id":1614,"date":"2023-06-12T16:37:01","date_gmt":"2023-06-12T14:37:01","guid":{"rendered":"https:\/\/g98hybaoby.preview.infomaniak.website\/?page_id=1614"},"modified":"2023-08-16T10:31:27","modified_gmt":"2023-08-16T08:31:27","slug":"history","status":"publish","type":"page","link":"https:\/\/www.sftech.ch\/fr\/lhistoire\/","title":{"rendered":"HISTOIRE"},"content":{"rendered":"<div data-elementor-type=\"wp-page\" data-elementor-id=\"1614\" class=\"elementor elementor-1614\" data-elementor-post-type=\"page\">\n\t\t\t\t\t\t\t\t\t<section class=\"elementor-section elementor-top-section elementor-element elementor-element-f48e97a elementor-section-boxed elementor-section-height-default elementor-section-height-default\" data-id=\"f48e97a\" data-element_type=\"section\">\n\t\t\t\t\t\t<div class=\"elementor-container elementor-column-gap-default\">\n\t\t\t\t\t<div class=\"elementor-column elementor-col-100 elementor-top-column elementor-element elementor-element-d5c0ba2\" data-id=\"d5c0ba2\" data-element_type=\"column\">\n\t\t\t<div class=\"elementor-widget-wrap elementor-element-populated\">\n\t\t\t\t\t\t\t\t<div class=\"elementor-element elementor-element-c18ac8f elementor-widget elementor-widget-spacer\" data-id=\"c18ac8f\" data-element_type=\"widget\" data-widget_type=\"spacer.default\">\n\t\t\t\t<div class=\"elementor-widget-container\">\n\t\t\t<style>\/*! elementor - v3.15.0 - 20-08-2023 *\/\n.elementor-column .elementor-spacer-inner{height:var(--spacer-size)}.e-con{--container-widget-width:100%}.e-con-inner>.elementor-widget-spacer,.e-con>.elementor-widget-spacer{width:var(--container-widget-width,var(--spacer-size));--align-self:var(--container-widget-align-self,initial);--flex-shrink:0}.e-con-inner>.elementor-widget-spacer>.elementor-widget-container,.e-con-inner>.elementor-widget-spacer>.elementor-widget-container>.elementor-spacer,.e-con>.elementor-widget-spacer>.elementor-widget-container,.e-con>.elementor-widget-spacer>.elementor-widget-container>.elementor-spacer{height:100%}.e-con-inner>.elementor-widget-spacer>.elementor-widget-container>.elementor-spacer>.elementor-spacer-inner,.e-con>.elementor-widget-spacer>.elementor-widget-container>.elementor-spacer>.elementor-spacer-inner{height:var(--container-widget-height,var(--spacer-size))}<\/style>\t\t<div class=\"elementor-spacer\">\n\t\t\t<div class=\"elementor-spacer-inner\"><\/div>\n\t\t<\/div>\n\t\t\t\t<\/div>\n\t\t\t\t<\/div>\n\t\t\t\t\t<\/div>\n\t\t<\/div>\n\t\t\t\t\t\t\t<\/div>\n\t\t<\/section>\n\t\t\t\t<section class=\"elementor-section elementor-top-section elementor-element elementor-element-d3269b7 elementor-section-full_width elementor-section-height-default elementor-section-height-default elementor-invisible\" data-id=\"d3269b7\" data-element_type=\"section\" data-settings=\"{&quot;animation&quot;:&quot;fadeInUp&quot;}\">\n\t\t\t\t\t\t<div class=\"elementor-container elementor-column-gap-wider\">\n\t\t\t\t\t<div class=\"elementor-column elementor-col-50 elementor-top-column elementor-element elementor-element-9232373\" data-id=\"9232373\" data-element_type=\"column\">\n\t\t\t<div class=\"elementor-widget-wrap elementor-element-populated\">\n\t\t\t\t\t\t\t\t<div class=\"elementor-element elementor-element-ba11e7f elementor-invisible elementor-widget elementor-widget-image\" data-id=\"ba11e7f\" data-element_type=\"widget\" data-settings=\"{&quot;motion_fx_motion_fx_scrolling&quot;:&quot;yes&quot;,&quot;motion_fx_translateY_effect&quot;:&quot;yes&quot;,&quot;motion_fx_translateY_speed&quot;:{&quot;unit&quot;:&quot;px&quot;,&quot;size&quot;:2.8,&quot;sizes&quot;:[]},&quot;_animation&quot;:&quot;fadeInLeft&quot;,&quot;motion_fx_translateY_affectedRange&quot;:{&quot;unit&quot;:&quot;%&quot;,&quot;size&quot;:&quot;&quot;,&quot;sizes&quot;:{&quot;start&quot;:0,&quot;end&quot;:100}},&quot;motion_fx_devices&quot;:[&quot;desktop&quot;,&quot;tablet&quot;,&quot;mobile&quot;]}\" data-widget_type=\"image.default\">\n\t\t\t\t<div class=\"elementor-widget-container\">\n\t\t\t<style>\/*! elementor - v3.15.0 - 20-08-2023 *\/\n.elementor-widget-image{text-align:center}.elementor-widget-image a{display:inline-block}.elementor-widget-image a img[src$=\".svg\"]{width:48px}.elementor-widget-image img{vertical-align:middle;display:inline-block}<\/style>\t\t\t\t\t\t\t\t\t\t\t\t<img loading=\"lazy\" decoding=\"async\" width=\"800\" height=\"450\" src=\"https:\/\/www.sftech.ch\/wp-content\/uploads\/2023\/06\/franz-schonenberger-sftech-1024x576.jpg\" class=\"attachment-large size-large wp-image-1617\" alt=\"\" srcset=\"https:\/\/www.sftech.ch\/wp-content\/uploads\/2023\/06\/franz-schonenberger-sftech-1024x576.jpg 1024w, https:\/\/www.sftech.ch\/wp-content\/uploads\/2023\/06\/franz-schonenberger-sftech-300x169.jpg 300w, https:\/\/www.sftech.ch\/wp-content\/uploads\/2023\/06\/franz-schonenberger-sftech-768x432.jpg 768w, https:\/\/www.sftech.ch\/wp-content\/uploads\/2023\/06\/franz-schonenberger-sftech-18x10.jpg 18w, https:\/\/www.sftech.ch\/wp-content\/uploads\/2023\/06\/franz-schonenberger-sftech.jpg 1200w\" sizes=\"auto, (max-width: 800px) 100vw, 800px\" \/>\t\t\t\t\t\t\t\t\t\t\t\t\t\t\t<\/div>\n\t\t\t\t<\/div>\n\t\t\t\t\t<\/div>\n\t\t<\/div>\n\t\t\t\t<div class=\"elementor-column elementor-col-50 elementor-top-column elementor-element elementor-element-fbe444a\" data-id=\"fbe444a\" data-element_type=\"column\">\n\t\t\t<div class=\"elementor-widget-wrap elementor-element-populated\">\n\t\t\t\t\t\t\t\t<div class=\"elementor-element elementor-element-e61c9c4 elementor-invisible elementor-widget elementor-widget-heading\" data-id=\"e61c9c4\" data-element_type=\"widget\" data-settings=\"{&quot;_animation&quot;:&quot;fadeInUp&quot;}\" data-widget_type=\"heading.default\">\n\t\t\t\t<div class=\"elementor-widget-container\">\n\t\t\t<style>\/*! elementor - v3.15.0 - 20-08-2023 *\/\n.elementor-heading-title{padding:0;margin:0;line-height:1}.elementor-widget-heading .elementor-heading-title[class*=elementor-size-]>a{color:inherit;font-size:inherit;line-height:inherit}.elementor-widget-heading .elementor-heading-title.elementor-size-small{font-size:15px}.elementor-widget-heading .elementor-heading-title.elementor-size-medium{font-size:19px}.elementor-widget-heading .elementor-heading-title.elementor-size-large{font-size:29px}.elementor-widget-heading .elementor-heading-title.elementor-size-xl{font-size:39px}.elementor-widget-heading .elementor-heading-title.elementor-size-xxl{font-size:59px}<\/style><h2 class=\"elementor-heading-title elementor-size-default\">l'histoire<\/h2>\t\t<\/div>\n\t\t\t\t<\/div>\n\t\t\t\t<div class=\"elementor-element elementor-element-dd9b0a0 elementor-widget-divider--separator-type-pattern elementor-widget-divider--view-line elementor-invisible elementor-widget elementor-widget-divider\" data-id=\"dd9b0a0\" data-element_type=\"widget\" data-settings=\"{&quot;_animation&quot;:&quot;fadeInRight&quot;}\" data-widget_type=\"divider.default\">\n\t\t\t\t<div class=\"elementor-widget-container\">\n\t\t\t<style>\/*! elementor - v3.15.0 - 20-08-2023 *\/\n.elementor-widget-divider{--divider-border-style:none;--divider-border-width:1px;--divider-color:#0c0d0e;--divider-icon-size:20px;--divider-element-spacing:10px;--divider-pattern-height:24px;--divider-pattern-size:20px;--divider-pattern-url:none;--divider-pattern-repeat:repeat-x}.elementor-widget-divider .elementor-divider{display:flex}.elementor-widget-divider .elementor-divider__text{font-size:15px;line-height:1;max-width:95%}.elementor-widget-divider .elementor-divider__element{margin:0 var(--divider-element-spacing);flex-shrink:0}.elementor-widget-divider .elementor-icon{font-size:var(--divider-icon-size)}.elementor-widget-divider .elementor-divider-separator{display:flex;margin:0;direction:ltr}.elementor-widget-divider--view-line_icon .elementor-divider-separator,.elementor-widget-divider--view-line_text .elementor-divider-separator{align-items:center}.elementor-widget-divider--view-line_icon .elementor-divider-separator:after,.elementor-widget-divider--view-line_icon .elementor-divider-separator:before,.elementor-widget-divider--view-line_text .elementor-divider-separator:after,.elementor-widget-divider--view-line_text .elementor-divider-separator:before{display:block;content:\"\";border-bottom:0;flex-grow:1;border-top:var(--divider-border-width) var(--divider-border-style) var(--divider-color)}.elementor-widget-divider--element-align-left .elementor-divider .elementor-divider-separator>.elementor-divider__svg:first-of-type{flex-grow:0;flex-shrink:100}.elementor-widget-divider--element-align-left .elementor-divider-separator:before{content:none}.elementor-widget-divider--element-align-left .elementor-divider__element{margin-left:0}.elementor-widget-divider--element-align-right .elementor-divider .elementor-divider-separator>.elementor-divider__svg:last-of-type{flex-grow:0;flex-shrink:100}.elementor-widget-divider--element-align-right .elementor-divider-separator:after{content:none}.elementor-widget-divider--element-align-right .elementor-divider__element{margin-right:0}.elementor-widget-divider:not(.elementor-widget-divider--view-line_text):not(.elementor-widget-divider--view-line_icon) .elementor-divider-separator{border-top:var(--divider-border-width) var(--divider-border-style) var(--divider-color)}.elementor-widget-divider--separator-type-pattern{--divider-border-style:none}.elementor-widget-divider--separator-type-pattern.elementor-widget-divider--view-line .elementor-divider-separator,.elementor-widget-divider--separator-type-pattern:not(.elementor-widget-divider--view-line) .elementor-divider-separator:after,.elementor-widget-divider--separator-type-pattern:not(.elementor-widget-divider--view-line) .elementor-divider-separator:before,.elementor-widget-divider--separator-type-pattern:not([class*=elementor-widget-divider--view]) .elementor-divider-separator{width:100%;min-height:var(--divider-pattern-height);-webkit-mask-size:var(--divider-pattern-size) 100%;mask-size:var(--divider-pattern-size) 100%;-webkit-mask-repeat:var(--divider-pattern-repeat);mask-repeat:var(--divider-pattern-repeat);background-color:var(--divider-color);-webkit-mask-image:var(--divider-pattern-url);mask-image:var(--divider-pattern-url)}.elementor-widget-divider--no-spacing{--divider-pattern-size:auto}.elementor-widget-divider--bg-round{--divider-pattern-repeat:round}.rtl .elementor-widget-divider .elementor-divider__text{direction:rtl}.e-con-inner>.elementor-widget-divider,.e-con>.elementor-widget-divider{width:var(--container-widget-width,100%);--flex-grow:var(--container-widget-flex-grow)}<\/style>\t\t<div class=\"elementor-divider\" style=\"--divider-pattern-url: url(&quot;data:image\/svg+xml,%3Csvg xmlns=&#039;http:\/\/www.w3.org\/2000\/svg&#039; preserveAspectRatio=&#039;none&#039; overflow=&#039;visible&#039; height=&#039;100%&#039; viewBox=&#039;0 0 24 24&#039; fill=&#039;black&#039; stroke=&#039;none&#039;%3E%3Cpolygon points=&#039;9.4,2 24,2 14.6,21.6 0,21.6&#039;\/%3E%3C\/svg%3E&quot;);\">\n\t\t\t<span class=\"elementor-divider-separator\">\n\t\t\t\t\t\t<\/span>\n\t\t<\/div>\n\t\t\t\t<\/div>\n\t\t\t\t<\/div>\n\t\t\t\t<div class=\"elementor-element elementor-element-34d58e8 elementor-invisible elementor-widget elementor-widget-text-editor\" data-id=\"34d58e8\" data-element_type=\"widget\" data-settings=\"{&quot;_animation&quot;:&quot;fadeInUp&quot;}\" data-widget_type=\"text-editor.default\">\n\t\t\t\t<div class=\"elementor-widget-container\">\n\t\t\t<style>\/*! elementor - v3.15.0 - 20-08-2023 *\/\n.elementor-widget-text-editor.elementor-drop-cap-view-stacked .elementor-drop-cap{background-color:#69727d;color:#fff}.elementor-widget-text-editor.elementor-drop-cap-view-framed .elementor-drop-cap{color:#69727d;border:3px solid;background-color:transparent}.elementor-widget-text-editor:not(.elementor-drop-cap-view-default) .elementor-drop-cap{margin-top:8px}.elementor-widget-text-editor:not(.elementor-drop-cap-view-default) .elementor-drop-cap-letter{width:1em;height:1em}.elementor-widget-text-editor .elementor-drop-cap{float:left;text-align:center;line-height:1;font-size:50px}.elementor-widget-text-editor .elementor-drop-cap-letter{display:inline-block}<\/style>\t\t\t\t<p>En 2006, SF Tech a \u00e9t\u00e9 fond\u00e9e aux Paccots, en Suisse, par <b>Franz Sch\u00f6nenberger<\/b>, qui est actuellement le PDG et le propri\u00e9taire de la marque.<\/p><p>Franz developed a deep passion for diving back in 1996 and earned his level 1 certificate in Lake Geneva. He continued to enhance his skills and became an instructor in 2004 while working at a diving center in Hurgada, Egypt. Upon returning to Switzerland, his interest shifted towards technical and cave diving, prompting him to delve into rebreather diving in 2006.<\/p><p>Pouss\u00e9 par son esprit d'entreprise, Franz a rapidement constat\u00e9 qu'il existait un vide sur le march\u00e9 des combinaisons \u00e9tanches adapt\u00e9es \u00e0 ses pratiques de plong\u00e9e. Il s'est lanc\u00e9 dans la cr\u00e9ation de la premi\u00e8re combinaison \u00e9tanche SF Tech, en commen\u00e7ant le processus de d\u00e9veloppement dans son propre garage.<\/p><p>Depuis lors, SF Tech a connu une croissance constante. La demande d'\u00e9quipement de plong\u00e9e technique s'est \u00e9largie pour englober diff\u00e9rents types de plongeurs, notamment les plongeurs de loisir, les explorateurs de grottes, les plongeurs techniques, les militaires, les pompiers, la police et les forces sp\u00e9ciales. La marque a \u00e9tabli une pr\u00e9sence mondiale, distribuant ses produits sur tous les continents. Aujourd'hui, SF Tech est largement consid\u00e9r\u00e9e comme la combinaison \u00e9tanche ultime par un grand nombre de plongeurs r\u00e9cr\u00e9atifs et professionnels.<\/p>\t\t\t\t\t\t<\/div>\n\t\t\t\t<\/div>\n\t\t\t\t\t<\/div>\n\t\t<\/div>\n\t\t\t\t\t\t\t<\/div>\n\t\t<\/section>\n\t\t\t\t<section class=\"elementor-section elementor-top-section elementor-element elementor-element-8162af3 elementor-section-boxed elementor-section-height-default elementor-section-height-default\" data-id=\"8162af3\" data-element_type=\"section\">\n\t\t\t\t\t\t<div class=\"elementor-container elementor-column-gap-default\">\n\t\t\t\t\t<div class=\"elementor-column elementor-col-100 elementor-top-column elementor-element elementor-element-cdda4f8\" data-id=\"cdda4f8\" data-element_type=\"column\">\n\t\t\t<div class=\"elementor-widget-wrap elementor-element-populated\">\n\t\t\t\t\t\t\t\t<div class=\"elementor-element elementor-element-077ac2c elementor-widget elementor-widget-spacer\" data-id=\"077ac2c\" data-element_type=\"widget\" data-widget_type=\"spacer.default\">\n\t\t\t\t<div class=\"elementor-widget-container\">\n\t\t\t\t\t<div class=\"elementor-spacer\">\n\t\t\t<div class=\"elementor-spacer-inner\"><\/div>\n\t\t<\/div>\n\t\t\t\t<\/div>\n\t\t\t\t<\/div>\n\t\t\t\t\t<\/div>\n\t\t<\/div>\n\t\t\t\t\t\t\t<\/div>\n\t\t<\/section>\n\t\t\t\t\t\t\t<\/div>","protected":false},"excerpt":{"rendered":"<p>In 2006, SF Tech was established in Les Paccots, Switzerland, by Franz Sch\u00f6nenberger, who currently serves as the CEO and owner of the brand.<\/p>","protected":false},"author":2,"featured_media":1617,"parent":0,"menu_order":0,"comment_status":"closed","ping_status":"closed","template":"","meta":{"footnotes":""},"class_list":["post-1614","page","type-page","status-publish","has-post-thumbnail","hentry"],"yoast_head":"<!-- This site is optimized with the Yoast SEO plugin v21.9.1 - https:\/\/yoast.com\/wordpress\/plugins\/seo\/ -->\n<title>HISTORY - SFTech<\/title>\n<meta name=\"description\" content=\"In 2006, SF Tech was established in Les Paccots, Switzerland, by Franz Sch\u00f6nenberger, who currently serves as the CEO and owner of the brand.\" \/>\n<meta name=\"robots\" content=\"index, follow, max-snippet:-1, max-image-preview:large, max-video-preview:-1\" \/>\n<link rel=\"canonical\" href=\"https:\/\/www.sftech.ch\/fr\/lhistoire\/\" \/>\n<meta property=\"og:locale\" content=\"fr_FR\" \/>\n<meta property=\"og:type\" content=\"article\" \/>\n<meta property=\"og:title\" content=\"History - SFTECH\" \/>\n<meta property=\"og:description\" content=\"In 2006, SF Tech was established in Les Paccots, Switzerland, by Franz Sch\u00f6nenberger, who currently serves as the CEO and owner of the brand.\" \/>\n<meta property=\"og:url\" content=\"https:\/\/www.sftech.ch\/fr\/lhistoire\/\" \/>\n<meta property=\"og:site_name\" content=\"SFTech\" \/>\n<meta property=\"article:publisher\" content=\"https:\/\/www.facebook.com\/profile.php?id=100057644260118\" \/>\n<meta property=\"article:modified_time\" content=\"2023-08-16T08:31:27+00:00\" \/>\n<meta property=\"og:image\" content=\"https:\/\/www.sftech.ch\/wp-content\/uploads\/2023\/06\/franz-schonenberger-sftech.jpg\" \/>\n\t<meta property=\"og:image:width\" content=\"1200\" \/>\n\t<meta property=\"og:image:height\" content=\"675\" \/>\n\t<meta property=\"og:image:type\" content=\"image\/jpeg\" \/>\n<meta name=\"twitter:card\" content=\"summary_large_image\" \/>\n<meta name=\"twitter:title\" content=\"History - SFTECH\" \/>\n<meta name=\"twitter:description\" content=\"In 2006, SF Tech was established in Les Paccots, Switzerland, by Franz Sch\u00f6nenberger, who currently serves as the CEO and owner of the brand.\" \/>\n<meta name=\"twitter:image\" content=\"https:\/\/www.sftech.ch\/wp-content\/uploads\/2023\/06\/franz-schonenberger-sftech.jpg\" \/>\n<meta name=\"twitter:label1\" content=\"Dur\u00e9e de lecture estim\u00e9e\" \/>\n\t<meta name=\"twitter:data1\" content=\"2 minutes\" \/>\n<script type=\"application\/ld+json\" class=\"yoast-schema-graph\">{\"@context\":\"https:\/\/schema.org\",\"@graph\":[{\"@type\":\"WebPage\",\"@id\":\"https:\/\/www.sftech.ch\/en\/history\/\",\"url\":\"https:\/\/www.sftech.ch\/en\/history\/\",\"name\":\"HISTORY - SFTech\",\"isPartOf\":{\"@id\":\"http:\/\/www.sftech.ch\/de\/#website\"},\"datePublished\":\"2023-06-12T14:37:01+00:00\",\"dateModified\":\"2023-08-16T08:31:27+00:00\",\"description\":\"In 2006, SF Tech was established in Les Paccots, Switzerland, by Franz Sch\u00f6nenberger, who currently serves as the CEO and owner of the brand.\",\"breadcrumb\":{\"@id\":\"https:\/\/www.sftech.ch\/en\/history\/#breadcrumb\"},\"inLanguage\":\"fr-FR\",\"potentialAction\":[{\"@type\":\"ReadAction\",\"target\":[\"https:\/\/www.sftech.ch\/en\/history\/\"]}]},{\"@type\":\"BreadcrumbList\",\"@id\":\"https:\/\/www.sftech.ch\/en\/history\/#breadcrumb\",\"itemListElement\":[{\"@type\":\"ListItem\",\"position\":1,\"name\":\"Accueil\",\"item\":\"https:\/\/www.sftech.ch\/\"},{\"@type\":\"ListItem\",\"position\":2,\"name\":\"HISTORY\"}]},{\"@type\":\"WebSite\",\"@id\":\"http:\/\/www.sftech.ch\/de\/#website\",\"url\":\"http:\/\/www.sftech.ch\/de\/\",\"name\":\"SFTech\",\"description\":\"3 lights, 2 computers, 2 masks, 4 tanks One Drysuit! Make the right choice\",\"publisher\":{\"@id\":\"http:\/\/www.sftech.ch\/de\/#organization\"},\"potentialAction\":[{\"@type\":\"SearchAction\",\"target\":{\"@type\":\"EntryPoint\",\"urlTemplate\":\"http:\/\/www.sftech.ch\/de\/?s={search_term_string}\"},\"query-input\":\"required name=search_term_string\"}],\"inLanguage\":\"fr-FR\"},{\"@type\":\"Organization\",\"@id\":\"http:\/\/www.sftech.ch\/de\/#organization\",\"name\":\"SFTech\",\"url\":\"http:\/\/www.sftech.ch\/de\/\",\"logo\":{\"@type\":\"ImageObject\",\"inLanguage\":\"fr-FR\",\"@id\":\"http:\/\/www.sftech.ch\/de\/#\/schema\/logo\/image\/\",\"url\":\"https:\/\/www.sftech.ch\/wp-content\/uploads\/2023\/04\/sftech-logo.svg\",\"contentUrl\":\"https:\/\/www.sftech.ch\/wp-content\/uploads\/2023\/04\/sftech-logo.svg\",\"width\":100,\"height\":100,\"caption\":\"SFTech\"},\"image\":{\"@id\":\"http:\/\/www.sftech.ch\/de\/#\/schema\/logo\/image\/\"},\"sameAs\":[\"https:\/\/www.facebook.com\/profile.php?id=100057644260118\"]}]}<\/script>\n<!-- \/ Yoast SEO plugin. -->","yoast_head_json":{"title":"HISTORY - SFTech","description":"In 2006, SF Tech was established in Les Paccots, Switzerland, by Franz Sch\u00f6nenberger, who currently serves as the CEO and owner of the brand.","robots":{"index":"index","follow":"follow","max-snippet":"max-snippet:-1","max-image-preview":"max-image-preview:large","max-video-preview":"max-video-preview:-1"},"canonical":"https:\/\/www.sftech.ch\/fr\/lhistoire\/","og_locale":"fr_FR","og_type":"article","og_title":"History - SFTECH","og_description":"In 2006, SF Tech was established in Les Paccots, Switzerland, by Franz Sch\u00f6nenberger, who currently serves as the CEO and owner of the brand.","og_url":"https:\/\/www.sftech.ch\/fr\/lhistoire\/","og_site_name":"SFTech","article_publisher":"https:\/\/www.facebook.com\/profile.php?id=100057644260118","article_modified_time":"2023-08-16T08:31:27+00:00","og_image":[{"width":1200,"height":675,"url":"https:\/\/www.sftech.ch\/wp-content\/uploads\/2023\/06\/franz-schonenberger-sftech.jpg","type":"image\/jpeg"}],"twitter_card":"summary_large_image","twitter_title":"History - SFTECH","twitter_description":"In 2006, SF Tech was established in Les Paccots, Switzerland, by Franz Sch\u00f6nenberger, who currently serves as the CEO and owner of the brand.","twitter_image":"https:\/\/www.sftech.ch\/wp-content\/uploads\/2023\/06\/franz-schonenberger-sftech.jpg","twitter_misc":{"Dur\u00e9e de lecture estim\u00e9e":"2 minutes"},"schema":{"@context":"https:\/\/schema.org","@graph":[{"@type":"WebPage","@id":"https:\/\/www.sftech.ch\/en\/history\/","url":"https:\/\/www.sftech.ch\/en\/history\/","name":"HISTORY - SFTech","isPartOf":{"@id":"http:\/\/www.sftech.ch\/de\/#website"},"datePublished":"2023-06-12T14:37:01+00:00","dateModified":"2023-08-16T08:31:27+00:00","description":"In 2006, SF Tech was established in Les Paccots, Switzerland, by Franz Sch\u00f6nenberger, who currently serves as the CEO and owner of the brand.","breadcrumb":{"@id":"https:\/\/www.sftech.ch\/en\/history\/#breadcrumb"},"inLanguage":"fr-FR","potentialAction":[{"@type":"ReadAction","target":["https:\/\/www.sftech.ch\/en\/history\/"]}]},{"@type":"BreadcrumbList","@id":"https:\/\/www.sftech.ch\/en\/history\/#breadcrumb","itemListElement":[{"@type":"ListItem","position":1,"name":"Accueil","item":"https:\/\/www.sftech.ch\/"},{"@type":"ListItem","position":2,"name":"HISTORY"}]},{"@type":"WebSite","@id":"http:\/\/www.sftech.ch\/de\/#website","url":"http:\/\/www.sftech.ch\/de\/","name":"SFTech","description":"3 lights, 2 computers, 2 masks, 4 tanks One Drysuit! Make the right choice","publisher":{"@id":"http:\/\/www.sftech.ch\/de\/#organization"},"potentialAction":[{"@type":"SearchAction","target":{"@type":"EntryPoint","urlTemplate":"http:\/\/www.sftech.ch\/de\/?s={search_term_string}"},"query-input":"required name=search_term_string"}],"inLanguage":"fr-FR"},{"@type":"Organization","@id":"http:\/\/www.sftech.ch\/de\/#organization","name":"SFTech","url":"http:\/\/www.sftech.ch\/de\/","logo":{"@type":"ImageObject","inLanguage":"fr-FR","@id":"http:\/\/www.sftech.ch\/de\/#\/schema\/logo\/image\/","url":"https:\/\/www.sftech.ch\/wp-content\/uploads\/2023\/04\/sftech-logo.svg","contentUrl":"https:\/\/www.sftech.ch\/wp-content\/uploads\/2023\/04\/sftech-logo.svg","width":100,"height":100,"caption":"SFTech"},"image":{"@id":"http:\/\/www.sftech.ch\/de\/#\/schema\/logo\/image\/"},"sameAs":["https:\/\/www.facebook.com\/profile.php?id=100057644260118"]}]}},"_links":{"self":[{"href":"https:\/\/www.sftech.ch\/fr\/wp-json\/wp\/v2\/pages\/1614","targetHints":{"allow":["GET"]}}],"collection":[{"href":"https:\/\/www.sftech.ch\/fr\/wp-json\/wp\/v2\/pages"}],"about":[{"href":"https:\/\/www.sftech.ch\/fr\/wp-json\/wp\/v2\/types\/page"}],"author":[{"embeddable":true,"href":"https:\/\/www.sftech.ch\/fr\/wp-json\/wp\/v2\/users\/2"}],"replies":[{"embeddable":true,"href":"https:\/\/www.sftech.ch\/fr\/wp-json\/wp\/v2\/comments?post=1614"}],"version-history":[{"count":14,"href":"https:\/\/www.sftech.ch\/fr\/wp-json\/wp\/v2\/pages\/1614\/revisions"}],"predecessor-version":[{"id":1649,"href":"https:\/\/www.sftech.ch\/fr\/wp-json\/wp\/v2\/pages\/1614\/revisions\/1649"}],"wp:featuredmedia":[{"embeddable":true,"href":"https:\/\/www.sftech.ch\/fr\/wp-json\/wp\/v2\/media\/1617"}],"wp:attachment":[{"href":"https:\/\/www.sftech.ch\/fr\/wp-json\/wp\/v2\/media?parent=1614"}],"curies":[{"name":"wp","href":"https:\/\/api.w.org\/{rel}","templated":true}]}}